{"id":114,"date":"2023-08-28T10:15:20","date_gmt":"2023-08-28T10:15:20","guid":{"rendered":"https:\/\/www.edih-rheinland.eu\/?page_id=114"},"modified":"2025-07-07T14:26:23","modified_gmt":"2025-07-07T14:26:23","slug":"impressum","status":"publish","type":"page","link":"https:\/\/www.edih-rheinland.eu\/en\/impressum\/","title":{"rendered":"Imprint"},"content":{"rendered":"<p><div class=\"fusion-fullwidth fullwidth-box fusion-builder-row-1 fusion-flex-container has-pattern-background has-mask-background nonhundred-percent-fullwidth non-hundred-percent-height-scrolling\" style=\"--awb-border-radius-top-left:0px;--awb-border-radius-top-right:0px;--awb-border-radius-bottom-right:0px;--awb-border-radius-bottom-left:0px;--awb-padding-top:4%;--awb-padding-bottom:4%;--awb-margin-top:0px;--awb-background-color:var(--awb-color5);--awb-flex-wrap:wrap;\" ><div class=\"fusion-builder-row fusion-row fusion-flex-align-items-center fusion-flex-justify-content-center fusion-flex-content-wrap\" style=\"max-width:1456px;margin-left: calc(-4% \/ 2 );margin-right: calc(-4% \/ 2 );\"><div class=\"fusion-layout-column fusion_builder_column fusion-builder-column-0 fusion_builder_column_1_2 1_2 fusion-flex-column\" style=\"--awb-bg-size:cover;--awb-width-large:50%;--awb-margin-top-large:0px;--awb-spacing-right-large:3.84%;--awb-margin-bottom-large:20px;--awb-spacing-left-large:3.84%;--awb-width-medium:50%;--awb-order-medium:0;--awb-spacing-right-medium:3.84%;--awb-spacing-left-medium:3.84%;--awb-width-small:100%;--awb-order-small:0;--awb-spacing-right-small:1.92%;--awb-spacing-left-small:1.92%;\" data-scroll-devices=\"small-visibility,medium-visibility,large-visibility\"><div class=\"fusion-column-wrapper fusion-column-has-shadow fusion-flex-justify-content-flex-start fusion-content-layout-column\"><div class=\"fusion-text fusion-text-1\" style=\"--awb-text-transform:none;--awb-text-color:var(--awb-color1);\"><h1 class=\"whitetxt\">IMPRESSUM<\/h1>\n<\/div><\/div><\/div><div class=\"fusion-layout-column fusion_builder_column fusion-builder-column-1 fusion_builder_column_1_2 1_2 fusion-flex-column\" style=\"--awb-bg-size:cover;--awb-width-large:50%;--awb-margin-top-large:0px;--awb-spacing-right-large:3.84%;--awb-margin-bottom-large:20px;--awb-spacing-left-large:3.84%;--awb-width-medium:50%;--awb-order-medium:0;--awb-spacing-right-medium:3.84%;--awb-spacing-left-medium:3.84%;--awb-width-small:100%;--awb-order-small:0;--awb-spacing-right-small:1.92%;--awb-spacing-left-small:1.92%;\"><div class=\"fusion-column-wrapper fusion-column-has-shadow fusion-flex-justify-content-flex-start fusion-content-layout-column\"><div class=\"fusion-image-element\" style=\"--awb-caption-title-font-family:var(--h2_typography-font-family);--awb-caption-title-font-weight:var(--h2_typography-font-weight);--awb-caption-title-font-style:var(--h2_typography-font-style);--awb-caption-title-size:var(--h2_typography-font-size);--awb-caption-title-transform:var(--h2_typography-text-transform);--awb-caption-title-line-height:var(--h2_typography-line-height);--awb-caption-title-letter-spacing:var(--h2_typography-letter-spacing);\"><span class=\"fusion-imageframe imageframe-none imageframe-1 hover-type-none\"><img decoding=\"async\" width=\"600\" height=\"459\" alt=\"Gruppe von Menschen in einem Meeting\" title=\"EDIH_Reinland_Hintergrund\" src=\"https:\/\/www.edih-rheinland.eu\/wp-content\/uploads\/2023\/07\/EDIH_Reinland_Hintergrund.png\" class=\"img-responsive wp-image-62\" srcset=\"https:\/\/www.edih-rheinland.eu\/wp-content\/uploads\/2023\/07\/EDIH_Reinland_Hintergrund-200x153.png 200w, https:\/\/www.edih-rheinland.eu\/wp-content\/uploads\/2023\/07\/EDIH_Reinland_Hintergrund-400x306.png 400w, https:\/\/www.edih-rheinland.eu\/wp-content\/uploads\/2023\/07\/EDIH_Reinland_Hintergrund.png 600w\" sizes=\"(max-width: 640px) 100vw, 600px\" \/><\/span><\/div><\/div><\/div><\/div><\/div><div class=\"fusion-fullwidth fullwidth-box fusion-builder-row-2 fusion-flex-container has-pattern-background has-mask-background nonhundred-percent-fullwidth non-hundred-percent-height-scrolling\" style=\"--awb-border-radius-top-left:0px;--awb-border-radius-top-right:0px;--awb-border-radius-bottom-right:0px;--awb-border-radius-bottom-left:0px;--awb-margin-top:5%;--awb-margin-bottom:12%;--awb-flex-wrap:wrap;\" ><div class=\"fusion-builder-row fusion-row fusion-flex-align-items-flex-start fusion-flex-content-wrap\" style=\"max-width:1456px;margin-left: calc(-4% \/ 2 );margin-right: calc(-4% \/ 2 );\"><div class=\"fusion-layout-column fusion_builder_column fusion-builder-column-2 fusion_builder_column_1_1 1_1 fusion-flex-column\" style=\"--awb-bg-size:cover;--awb-width-large:100%;--awb-margin-top-large:0px;--awb-spacing-right-large:1.92%;--awb-margin-bottom-large:20px;--awb-spacing-left-large:1.92%;--awb-width-medium:100%;--awb-order-medium:0;--awb-spacing-right-medium:1.92%;--awb-spacing-left-medium:1.92%;--awb-width-small:100%;--awb-order-small:0;--awb-spacing-right-small:1.92%;--awb-spacing-left-small:1.92%;\"><div class=\"fusion-column-wrapper fusion-column-has-shadow fusion-flex-justify-content-flex-start fusion-content-layout-column\"><div class=\"fusion-text fusion-text-2\"><h3>Herausgeberin<\/h3>\n<p>Herausgegeben im Auftrag des Rektors der Rheinisch-Westf\u00e4lischen Technischen Hochschule (RWTH) Aachen.<\/p>\n<p>Rheinisch-Westf\u00e4lische Technische Hochschule (RWTH) Aachen<br \/>\nTemplergraben 55<br \/>\n52062 Aachen (Hausanschrift)<br \/>\n52056 Aachen (Postanschrift)<\/p>\n<p>Telefon: +49 241 80 1<br \/>\nTelefax: +49 241 80 92312<br \/>\nE-Mail: impressum@rwth-aachen.de<\/p>\n<p>Die Rheinisch-Westf\u00e4lische Technische Hochschule (RWTH) Aachen ist eine K\u00f6rperschaft des \u00f6ffentlichen Rechts. Sie wird durch den Rektor, Univ.-Prof. Dr. rer. nat. Dr. h.c. mult. Ulrich R\u00fcdiger, vertreten.<\/p>\n<h3>Zust\u00e4ndige Aufsichtsbeh\u00f6rde<\/h3>\n<p>Ministerium f\u00fcr Kultur und Wissenschaft des Landes Nordrhein Westfalen, V\u00f6lklinger Stra\u00dfe 49, 40221 D\u00fcsseldorf.<\/p>\n<h3>Umsatzsteuer-Identifikationsnummer<\/h3>\n<p>Gem\u00e4\u00df \u00a7 27 a Umsatzsteuergesetz: DE 121689807<\/p>\n<h3>Inhaltliche Verantwortlichkeit<\/h3>\n<p>Ansprechpartner:<\/p>\n<p>Prof. Dr. Thomas Bergs<br \/>\nProf. Dr. Christian Brecher<br \/>\nProf. Dr. Robert Schmitt<br \/>\nProf. Dr. G\u00fcnther Schuh<\/p>\n<p>Webmaster: Janning Karsten<br \/>\nE-Mail: <a class=\"email\" href=\"mailto:J.Karsten@wzl-mq.rwth-aachen.de\">J.Karsten@wzl-mq.rwth-aachen.de<\/a><\/p>\n<p>Dieses Impressum gilt ebenso f\u00fcr unsere WZL Social-Media-Pr\u00e4senzen: Facebook, Twitter, Youtube, Xing, LinkedIn und Instagram.<\/p>\n<p>Die Webseiten der Zentralen Hochschulverwaltung, der Zentralen Einrichtungen, der Gruppenvertretungen, der Institute, Lehrst\u00fchle sowie Lehr- und Forschungsgebiete werden von den von diesen beauftragten Webkoordinatorinnen und Webkoordinatoren beziehungsweise deren Webmastern eigenst\u00e4ndig betreut. Details zu Fragen der Haftung sind in der <a href=\"https:\/\/www.edih-rheinland.eu\/en\/datenschutz\/\">Privacy policy<\/a> nachzulesen.<\/p>\n<p><strong>Quellenangaben und Nachweise zu Abbildungen aller Art auf dieser Website:<\/strong><br \/>\nSofern nicht anders gekennzeichnet, verbleiben alle Bildrechte bei den Projektmitgliedern und\/oder deren Angeh\u00f6rigen.<\/p>\n<h3><\/h3>\n<p>Titelbild zur Veranstaltungsreihe &#8222;<a href=\"https:\/\/www.edih-rheinland.eu\/en\/ki-magie-in-der-praxis-workshopreihe-im-oecherlab\/\">KI-Magie in der Praxis<\/a>&#8222;: Cash Macanaya von <a href=\"https:\/\/unsplash.com\/de\/fotos\/zwei-hande-die-nach-einem-flugobjekt-am-himmel-greifen-X9Cemmq4YjM\"><span style=\"text-decoration: underline;\">Unsplash<\/span><\/a><br \/>\nTitelbild zum Men\u00fcpunkt &#8222;Success Story&#8220;: Bild von <a href=\"https:\/\/pixabay.com\/de\/users\/piro4d-2707530\/?utm_source=link-attribution&amp;utm_medium=referral&amp;utm_campaign=image&amp;utm_content=3345091\">PIRO<\/a> auf <a href=\"https:\/\/pixabay.com\/de\/\/?utm_source=link-attribution&amp;utm_medium=referral&amp;utm_campaign=image&amp;utm_content=3345091\">Pixabay<\/a>.<\/p>\n<\/div><\/div><\/div><\/div><\/div><\/p>","protected":false},"excerpt":{"rendered":"","protected":false},"author":4,"featured_media":0,"parent":0,"menu_order":0,"comment_status":"closed","ping_status":"closed","template":"100-width.php","meta":{"footnotes":""},"class_list":["post-114","page","type-page","status-publish","hentry"],"yoast_head":"<!-- This site is optimized with the Yoast SEO plugin v26.5 - https:\/\/yoast.com\/wordpress\/plugins\/seo\/ -->\n<title>Impressum - EDIH Rheinland<\/title>\n<meta name=\"robots\" content=\"index, follow, max-snippet:-1, max-image-preview:large, max-video-preview:-1\" \/>\n<link rel=\"canonical\" href=\"https:\/\/www.edih-rheinland.eu\/en\/impressum\/\" \/>\n<meta property=\"og:locale\" content=\"en_US\" \/>\n<meta property=\"og:type\" content=\"article\" \/>\n<meta property=\"og:title\" content=\"Impressum - EDIH Rheinland\" \/>\n<meta property=\"og:url\" content=\"https:\/\/www.edih-rheinland.eu\/en\/impressum\/\" \/>\n<meta property=\"og:site_name\" content=\"EDIH Rheinland\" \/>\n<meta property=\"article:modified_time\" content=\"2025-07-07T14:26:23+00:00\" \/>\n<meta property=\"og:image\" content=\"https:\/\/www.edih-rheinland.eu\/wp-content\/uploads\/2023\/07\/EDIH_Reinland.jpg\" \/>\n\t<meta property=\"og:image:width\" content=\"450\" \/>\n\t<meta property=\"og:image:height\" content=\"405\" \/>\n\t<meta property=\"og:image:type\" content=\"image\/jpeg\" \/>\n<meta name=\"twitter:card\" content=\"summary_large_image\" \/>\n<meta name=\"twitter:label1\" content=\"Est. reading time\" \/>\n\t<meta name=\"twitter:data1\" content=\"2 minutes\" \/>\n<script type=\"application\/ld+json\" class=\"yoast-schema-graph\">{\"@context\":\"https:\/\/schema.org\",\"@graph\":[{\"@type\":\"WebPage\",\"@id\":\"https:\/\/www.edih-rheinland.eu\/impressum\/\",\"url\":\"https:\/\/www.edih-rheinland.eu\/impressum\/\",\"name\":\"Impressum - EDIH Rheinland\",\"isPartOf\":{\"@id\":\"https:\/\/www.edih-rheinland.eu\/#website\"},\"datePublished\":\"2023-08-28T10:15:20+00:00\",\"dateModified\":\"2025-07-07T14:26:23+00:00\",\"breadcrumb\":{\"@id\":\"https:\/\/www.edih-rheinland.eu\/impressum\/#breadcrumb\"},\"inLanguage\":\"en-US\",\"potentialAction\":[{\"@type\":\"ReadAction\",\"target\":[\"https:\/\/www.edih-rheinland.eu\/impressum\/\"]}]},{\"@type\":\"BreadcrumbList\",\"@id\":\"https:\/\/www.edih-rheinland.eu\/impressum\/#breadcrumb\",\"itemListElement\":[{\"@type\":\"ListItem\",\"position\":1,\"name\":\"Startseite\",\"item\":\"https:\/\/www.edih-rheinland.eu\/\"},{\"@type\":\"ListItem\",\"position\":2,\"name\":\"Impressum\"}]},{\"@type\":\"WebSite\",\"@id\":\"https:\/\/www.edih-rheinland.eu\/#website\",\"url\":\"https:\/\/www.edih-rheinland.eu\/\",\"name\":\"EDIH Rheinland\",\"description\":\"Ihr Zugang zu Kompetenzen, Wissen und Erfahrung\",\"publisher\":{\"@id\":\"https:\/\/www.edih-rheinland.eu\/#organization\"},\"potentialAction\":[{\"@type\":\"SearchAction\",\"target\":{\"@type\":\"EntryPoint\",\"urlTemplate\":\"https:\/\/www.edih-rheinland.eu\/?s={search_term_string}\"},\"query-input\":{\"@type\":\"PropertyValueSpecification\",\"valueRequired\":true,\"valueName\":\"search_term_string\"}}],\"inLanguage\":\"en-US\"},{\"@type\":\"Organization\",\"@id\":\"https:\/\/www.edih-rheinland.eu\/#organization\",\"name\":\"EDIH Rheinland\",\"url\":\"https:\/\/www.edih-rheinland.eu\/\",\"logo\":{\"@type\":\"ImageObject\",\"inLanguage\":\"en-US\",\"@id\":\"https:\/\/www.edih-rheinland.eu\/#\/schema\/logo\/image\/\",\"url\":\"https:\/\/www.edih-rheinland.eu\/wp-content\/uploads\/2023\/09\/EDIH-Logo_rgb.png\",\"contentUrl\":\"https:\/\/www.edih-rheinland.eu\/wp-content\/uploads\/2023\/09\/EDIH-Logo_rgb.png\",\"width\":2180,\"height\":639,\"caption\":\"EDIH Rheinland\"},\"image\":{\"@id\":\"https:\/\/www.edih-rheinland.eu\/#\/schema\/logo\/image\/\"},\"sameAs\":[\"https:\/\/www.linkedin.com\/company\/edih-rheinland\"]}]}<\/script>\n<!-- \/ Yoast SEO plugin. -->","yoast_head_json":{"title":"Impressum - EDIH Rheinland","robots":{"index":"index","follow":"follow","max-snippet":"max-snippet:-1","max-image-preview":"max-image-preview:large","max-video-preview":"max-video-preview:-1"},"canonical":"https:\/\/www.edih-rheinland.eu\/en\/impressum\/","og_locale":"en_US","og_type":"article","og_title":"Impressum - EDIH Rheinland","og_url":"https:\/\/www.edih-rheinland.eu\/en\/impressum\/","og_site_name":"EDIH Rheinland","article_modified_time":"2025-07-07T14:26:23+00:00","og_image":[{"width":450,"height":405,"url":"https:\/\/www.edih-rheinland.eu\/wp-content\/uploads\/2023\/07\/EDIH_Reinland.jpg","type":"image\/jpeg"}],"twitter_card":"summary_large_image","twitter_misc":{"Est. reading time":"2 minutes"},"schema":{"@context":"https:\/\/schema.org","@graph":[{"@type":"WebPage","@id":"https:\/\/www.edih-rheinland.eu\/impressum\/","url":"https:\/\/www.edih-rheinland.eu\/impressum\/","name":"Impressum - EDIH Rheinland","isPartOf":{"@id":"https:\/\/www.edih-rheinland.eu\/#website"},"datePublished":"2023-08-28T10:15:20+00:00","dateModified":"2025-07-07T14:26:23+00:00","breadcrumb":{"@id":"https:\/\/www.edih-rheinland.eu\/impressum\/#breadcrumb"},"inLanguage":"en-US","potentialAction":[{"@type":"ReadAction","target":["https:\/\/www.edih-rheinland.eu\/impressum\/"]}]},{"@type":"BreadcrumbList","@id":"https:\/\/www.edih-rheinland.eu\/impressum\/#breadcrumb","itemListElement":[{"@type":"ListItem","position":1,"name":"Startseite","item":"https:\/\/www.edih-rheinland.eu\/"},{"@type":"ListItem","position":2,"name":"Impressum"}]},{"@type":"WebSite","@id":"https:\/\/www.edih-rheinland.eu\/#website","url":"https:\/\/www.edih-rheinland.eu\/","name":"EDIH Rheinland","description":"Ihr Zugang zu Kompetenzen, Wissen und Erfahrung","publisher":{"@id":"https:\/\/www.edih-rheinland.eu\/#organization"},"potentialAction":[{"@type":"SearchAction","target":{"@type":"EntryPoint","urlTemplate":"https:\/\/www.edih-rheinland.eu\/?s={search_term_string}"},"query-input":{"@type":"PropertyValueSpecification","valueRequired":true,"valueName":"search_term_string"}}],"inLanguage":"en-US"},{"@type":"Organization","@id":"https:\/\/www.edih-rheinland.eu\/#organization","name":"EDIH Rheinland","url":"https:\/\/www.edih-rheinland.eu\/","logo":{"@type":"ImageObject","inLanguage":"en-US","@id":"https:\/\/www.edih-rheinland.eu\/#\/schema\/logo\/image\/","url":"https:\/\/www.edih-rheinland.eu\/wp-content\/uploads\/2023\/09\/EDIH-Logo_rgb.png","contentUrl":"https:\/\/www.edih-rheinland.eu\/wp-content\/uploads\/2023\/09\/EDIH-Logo_rgb.png","width":2180,"height":639,"caption":"EDIH Rheinland"},"image":{"@id":"https:\/\/www.edih-rheinland.eu\/#\/schema\/logo\/image\/"},"sameAs":["https:\/\/www.linkedin.com\/company\/edih-rheinland"]}]}},"_links":{"self":[{"href":"https:\/\/www.edih-rheinland.eu\/en\/wp-json\/wp\/v2\/pages\/114","targetHints":{"allow":["GET"]}}],"collection":[{"href":"https:\/\/www.edih-rheinland.eu\/en\/wp-json\/wp\/v2\/pages"}],"about":[{"href":"https:\/\/www.edih-rheinland.eu\/en\/wp-json\/wp\/v2\/types\/page"}],"author":[{"embeddable":true,"href":"https:\/\/www.edih-rheinland.eu\/en\/wp-json\/wp\/v2\/users\/4"}],"replies":[{"embeddable":true,"href":"https:\/\/www.edih-rheinland.eu\/en\/wp-json\/wp\/v2\/comments?post=114"}],"version-history":[{"count":7,"href":"https:\/\/www.edih-rheinland.eu\/en\/wp-json\/wp\/v2\/pages\/114\/revisions"}],"predecessor-version":[{"id":2386,"href":"https:\/\/www.edih-rheinland.eu\/en\/wp-json\/wp\/v2\/pages\/114\/revisions\/2386"}],"wp:attachment":[{"href":"https:\/\/www.edih-rheinland.eu\/en\/wp-json\/wp\/v2\/media?parent=114"}],"curies":[{"name":"wp","href":"https:\/\/api.w.org\/{rel}","templated":true}]}}