{"id":17,"date":"2023-07-06T09:18:11","date_gmt":"2023-07-06T09:18:11","guid":{"rendered":"https:\/\/www.edih-rheinland.eu\/?page_id=17"},"modified":"2025-07-16T07:58:37","modified_gmt":"2025-07-16T07:58:37","slug":"entrepreneurship-und-innovationsfoerderung","status":"publish","type":"page","link":"https:\/\/www.edih-rheinland.eu\/en\/themen\/entrepreneurship-und-innovationsfoerderung\/","title":{"rendered":"Entrepreneurship &amp; Innovation Support"},"content":{"rendered":"<p><div class=\"fusion-fullwidth fullwidth-box fusion-builder-row-1 fusion-flex-container has-pattern-background has-mask-background nonhundred-percent-fullwidth non-hundred-percent-height-scrolling\" style=\"--awb-border-radius-top-left:0px;--awb-border-radius-top-right:0px;--awb-border-radius-bottom-right:0px;--awb-border-radius-bottom-left:0px;--awb-padding-top:0px;--awb-margin-top:0px;--awb-background-color:var(--awb-color5);--awb-flex-wrap:wrap;\" ><div class=\"fusion-builder-row fusion-row fusion-flex-align-items-center fusion-flex-content-wrap\" style=\"max-width:1456px;margin-left: calc(-4% \/ 2 );margin-right: calc(-4% \/ 2 );\"><div class=\"fusion-layout-column fusion_builder_column fusion-builder-column-0 fusion_builder_column_1_2 1_2 fusion-flex-column\" style=\"--awb-bg-size:cover;--awb-width-large:50%;--awb-margin-top-large:0px;--awb-spacing-right-large:3.84%;--awb-margin-bottom-large:20px;--awb-spacing-left-large:3.84%;--awb-width-medium:100%;--awb-order-medium:2;--awb-margin-top-medium:8%;--awb-spacing-right-medium:1.92%;--awb-spacing-left-medium:1.92%;--awb-width-small:100%;--awb-order-small:2;--awb-spacing-right-small:1.92%;--awb-spacing-left-small:1.92%;\" data-scroll-devices=\"small-visibility,medium-visibility,large-visibility\"><div class=\"fusion-column-wrapper fusion-column-has-shadow fusion-flex-justify-content-flex-start fusion-content-layout-column\"><div class=\"fusion-text fusion-text-1\" style=\"--awb-text-transform:none;--awb-text-color:var(--awb-color1);\"><h1 class=\"whitetxt mobilh1\">ENTREPRENEURSHIP &amp; INNOVATION SUPPORT<\/h1>\n<p>How can the development of the regional economy be strengthened? What can be done to support the digital transformation and structural change? How can existing companies be transformed through digital innovation? What role do start-ups and technological innovations play in this process?<\/p>\n<p>Find out how we can prepare your company for the challenges of the digital era through customized solutions and strategic advice.<\/p>\n<p><span style=\"color: #ffffff;\">\u00a0<\/span><\/p>\n<\/div><\/div><\/div><div class=\"fusion-layout-column fusion_builder_column fusion-builder-column-1 fusion_builder_column_1_2 1_2 fusion-flex-column\" style=\"--awb-bg-size:cover;--awb-width-large:50%;--awb-margin-top-large:4%;--awb-spacing-right-large:3.84%;--awb-margin-bottom-large:4%;--awb-spacing-left-large:3.84%;--awb-width-medium:100%;--awb-order-medium:1;--awb-margin-top-medium:15%;--awb-spacing-right-medium:1.92%;--awb-spacing-left-medium:1.92%;--awb-width-small:100%;--awb-order-small:1;--awb-spacing-right-small:1.92%;--awb-spacing-left-small:1.92%;\" data-scroll-devices=\"small-visibility,medium-visibility,large-visibility\"><div class=\"fusion-column-wrapper fusion-column-has-shadow fusion-flex-justify-content-flex-start fusion-content-layout-column\"><div class=\"fusion-image-element\" style=\"text-align:right;--awb-caption-title-font-family:var(--h2_typography-font-family);--awb-caption-title-font-weight:var(--h2_typography-font-weight);--awb-caption-title-font-style:var(--h2_typography-font-style);--awb-caption-title-size:var(--h2_typography-font-size);--awb-caption-title-transform:var(--h2_typography-text-transform);--awb-caption-title-line-height:var(--h2_typography-line-height);--awb-caption-title-letter-spacing:var(--h2_typography-letter-spacing);\"><span class=\"fusion-imageframe imageframe-none imageframe-1 hover-type-none\"><img decoding=\"async\" width=\"600\" height=\"459\" alt=\"EDIH f\u00f6rdert entrepreneurship innovationsfoerderung\" title=\"EDIH_Reinland_Themen\" src=\"https:\/\/www.edih-rheinland.eu\/wp-content\/uploads\/2024\/04\/EDIH_Reinland_Themen.webp\" class=\"img-responsive wp-image-1141\" srcset=\"https:\/\/www.edih-rheinland.eu\/wp-content\/uploads\/2024\/04\/EDIH_Reinland_Themen-200x153.webp 200w, https:\/\/www.edih-rheinland.eu\/wp-content\/uploads\/2024\/04\/EDIH_Reinland_Themen-400x306.webp 400w, https:\/\/www.edih-rheinland.eu\/wp-content\/uploads\/2024\/04\/EDIH_Reinland_Themen.webp 600w\" sizes=\"(max-width: 640px) 100vw, 600px\" \/><\/span><\/div><\/div><\/div><\/div><\/div><div class=\"fusion-fullwidth fullwidth-box fusion-builder-row-2 fusion-flex-container has-pattern-background has-mask-background nonhundred-percent-fullwidth non-hundred-percent-height-scrolling\" style=\"--awb-border-radius-top-left:0px;--awb-border-radius-top-right:0px;--awb-border-radius-bottom-right:0px;--awb-border-radius-bottom-left:0px;--awb-margin-top:5%;--awb-margin-bottom:12%;--awb-flex-wrap:wrap;\" ><div class=\"fusion-builder-row fusion-row fusion-flex-align-items-flex-start fusion-flex-content-wrap\" style=\"max-width:1456px;margin-left: calc(-4% \/ 2 );margin-right: calc(-4% \/ 2 );\"><div class=\"fusion-layout-column fusion_builder_column fusion-builder-column-2 fusion_builder_column_1_1 1_1 fusion-flex-column\" style=\"--awb-bg-size:cover;--awb-width-large:100%;--awb-margin-top-large:0px;--awb-spacing-right-large:1.92%;--awb-margin-bottom-large:20px;--awb-spacing-left-large:1.92%;--awb-width-medium:100%;--awb-order-medium:0;--awb-spacing-right-medium:1.92%;--awb-spacing-left-medium:1.92%;--awb-width-small:100%;--awb-order-small:0;--awb-spacing-right-small:1.92%;--awb-spacing-left-small:1.92%;\"><div class=\"fusion-column-wrapper fusion-column-has-shadow fusion-flex-justify-content-flex-start fusion-content-layout-column\"><div class=\"fusion-text fusion-text-2\"><p>Collaboration with companies creates new intellectual property that can emerge from partnerships with various partners of EDIH Rheinland, other companies, other EDIHs and other parties. This strengthens the regional and European economy.<\/p>\n<p>To ensure the visibility and accessibility of the innovations created and promoted by the EDIH Rhineland, information about innovators and their technologies is made publicly available. This is done by assessing the digital maturity of the innovations at various stages of support. The publication makes the innovations known to a broad audience of users, investors, entrepreneurs and incubators. This strengthens competitiveness and creates a vibrant regional innovation ecosystem that contributes to the European innovation landscape.<\/p>\n<\/div><\/div><\/div><\/div><\/div><\/p>","protected":false},"excerpt":{"rendered":"","protected":false},"author":4,"featured_media":0,"parent":1126,"menu_order":0,"comment_status":"closed","ping_status":"closed","template":"100-width.php","meta":{"footnotes":""},"class_list":["post-17","page","type-page","status-publish","hentry"],"yoast_head":"<!-- This site is optimized with the Yoast SEO plugin v26.5 - https:\/\/yoast.com\/wordpress\/plugins\/seo\/ -->\n<title>Entrepreneurship &amp; Innovationsf\u00f6rderung - EDIH Rheinland<\/title>\n<meta name=\"description\" content=\"Der EDIH Rheinland unterest\u00fctzt die Gr\u00fcndunger\u00f6konomie und Innovationsf\u00f6rderung im Raum Aachen und im Rheinland\" \/>\n<meta name=\"robots\" content=\"index, follow, max-snippet:-1, max-image-preview:large, max-video-preview:-1\" \/>\n<link rel=\"canonical\" href=\"https:\/\/www.edih-rheinland.eu\/en\/themen\/entrepreneurship-und-innovationsfoerderung\/\" \/>\n<meta property=\"og:locale\" content=\"en_US\" \/>\n<meta property=\"og:type\" content=\"article\" \/>\n<meta property=\"og:title\" content=\"Entrepreneurship &amp; Innovationsf\u00f6rderung - EDIH Rheinland\" \/>\n<meta property=\"og:description\" content=\"Der EDIH Rheinland unterest\u00fctzt die Gr\u00fcndunger\u00f6konomie und Innovationsf\u00f6rderung im Raum Aachen und im Rheinland\" \/>\n<meta property=\"og:url\" content=\"https:\/\/www.edih-rheinland.eu\/en\/themen\/entrepreneurship-und-innovationsfoerderung\/\" \/>\n<meta property=\"og:site_name\" content=\"EDIH Rheinland\" \/>\n<meta property=\"article:modified_time\" content=\"2025-07-16T07:58:37+00:00\" \/>\n<meta property=\"og:image\" content=\"https:\/\/www.edih-rheinland.eu\/wp-content\/uploads\/2024\/04\/EDIH_Reinland_Themen.webp\" \/>\n\t<meta property=\"og:image:width\" content=\"600\" \/>\n\t<meta property=\"og:image:height\" content=\"459\" \/>\n\t<meta property=\"og:image:type\" content=\"image\/webp\" \/>\n<meta name=\"twitter:card\" content=\"summary_large_image\" \/>\n<meta name=\"twitter:label1\" content=\"Est. reading time\" \/>\n\t<meta name=\"twitter:data1\" content=\"2 minutes\" \/>\n<script type=\"application\/ld+json\" class=\"yoast-schema-graph\">{\"@context\":\"https:\/\/schema.org\",\"@graph\":[{\"@type\":\"WebPage\",\"@id\":\"https:\/\/www.edih-rheinland.eu\/themen\/entrepreneurship-und-innovationsfoerderung\/\",\"url\":\"https:\/\/www.edih-rheinland.eu\/themen\/entrepreneurship-und-innovationsfoerderung\/\",\"name\":\"Entrepreneurship & Innovationsf\u00f6rderung - EDIH Rheinland\",\"isPartOf\":{\"@id\":\"https:\/\/www.edih-rheinland.eu\/#website\"},\"datePublished\":\"2023-07-06T09:18:11+00:00\",\"dateModified\":\"2025-07-16T07:58:37+00:00\",\"description\":\"Der EDIH Rheinland unterest\u00fctzt die Gr\u00fcndunger\u00f6konomie und Innovationsf\u00f6rderung im Raum Aachen und im Rheinland\",\"breadcrumb\":{\"@id\":\"https:\/\/www.edih-rheinland.eu\/themen\/entrepreneurship-und-innovationsfoerderung\/#breadcrumb\"},\"inLanguage\":\"en-US\",\"potentialAction\":[{\"@type\":\"ReadAction\",\"target\":[\"https:\/\/www.edih-rheinland.eu\/themen\/entrepreneurship-und-innovationsfoerderung\/\"]}]},{\"@type\":\"BreadcrumbList\",\"@id\":\"https:\/\/www.edih-rheinland.eu\/themen\/entrepreneurship-und-innovationsfoerderung\/#breadcrumb\",\"itemListElement\":[{\"@type\":\"ListItem\",\"position\":1,\"name\":\"Startseite\",\"item\":\"https:\/\/www.edih-rheinland.eu\/\"},{\"@type\":\"ListItem\",\"position\":2,\"name\":\"Themen | Ihr Zugang zu Kompetenzen und Wissen\",\"item\":\"https:\/\/www.edih-rheinland.eu\/themen\/\"},{\"@type\":\"ListItem\",\"position\":3,\"name\":\"Entrepreneurship &#038; Innovationsf\u00f6rderung\"}]},{\"@type\":\"WebSite\",\"@id\":\"https:\/\/www.edih-rheinland.eu\/#website\",\"url\":\"https:\/\/www.edih-rheinland.eu\/\",\"name\":\"EDIH Rheinland\",\"description\":\"Ihr Zugang zu Kompetenzen, Wissen und Erfahrung\",\"publisher\":{\"@id\":\"https:\/\/www.edih-rheinland.eu\/#organization\"},\"potentialAction\":[{\"@type\":\"SearchAction\",\"target\":{\"@type\":\"EntryPoint\",\"urlTemplate\":\"https:\/\/www.edih-rheinland.eu\/?s={search_term_string}\"},\"query-input\":{\"@type\":\"PropertyValueSpecification\",\"valueRequired\":true,\"valueName\":\"search_term_string\"}}],\"inLanguage\":\"en-US\"},{\"@type\":\"Organization\",\"@id\":\"https:\/\/www.edih-rheinland.eu\/#organization\",\"name\":\"EDIH Rheinland\",\"url\":\"https:\/\/www.edih-rheinland.eu\/\",\"logo\":{\"@type\":\"ImageObject\",\"inLanguage\":\"en-US\",\"@id\":\"https:\/\/www.edih-rheinland.eu\/#\/schema\/logo\/image\/\",\"url\":\"https:\/\/www.edih-rheinland.eu\/wp-content\/uploads\/2023\/09\/EDIH-Logo_rgb.png\",\"contentUrl\":\"https:\/\/www.edih-rheinland.eu\/wp-content\/uploads\/2023\/09\/EDIH-Logo_rgb.png\",\"width\":2180,\"height\":639,\"caption\":\"EDIH Rheinland\"},\"image\":{\"@id\":\"https:\/\/www.edih-rheinland.eu\/#\/schema\/logo\/image\/\"},\"sameAs\":[\"https:\/\/www.linkedin.com\/company\/edih-rheinland\"]}]}<\/script>\n<!-- \/ Yoast SEO plugin. -->","yoast_head_json":{"title":"Entrepreneurship & Innovationsf\u00f6rderung - EDIH Rheinland","description":"Der EDIH Rheinland unterest\u00fctzt die Gr\u00fcndunger\u00f6konomie und Innovationsf\u00f6rderung im Raum Aachen und im Rheinland","robots":{"index":"index","follow":"follow","max-snippet":"max-snippet:-1","max-image-preview":"max-image-preview:large","max-video-preview":"max-video-preview:-1"},"canonical":"https:\/\/www.edih-rheinland.eu\/en\/themen\/entrepreneurship-und-innovationsfoerderung\/","og_locale":"en_US","og_type":"article","og_title":"Entrepreneurship & Innovationsf\u00f6rderung - EDIH Rheinland","og_description":"Der EDIH Rheinland unterest\u00fctzt die Gr\u00fcndunger\u00f6konomie und Innovationsf\u00f6rderung im Raum Aachen und im Rheinland","og_url":"https:\/\/www.edih-rheinland.eu\/en\/themen\/entrepreneurship-und-innovationsfoerderung\/","og_site_name":"EDIH Rheinland","article_modified_time":"2025-07-16T07:58:37+00:00","og_image":[{"width":600,"height":459,"url":"https:\/\/www.edih-rheinland.eu\/wp-content\/uploads\/2024\/04\/EDIH_Reinland_Themen.webp","type":"image\/webp"}],"twitter_card":"summary_large_image","twitter_misc":{"Est. reading time":"2 minutes"},"schema":{"@context":"https:\/\/schema.org","@graph":[{"@type":"WebPage","@id":"https:\/\/www.edih-rheinland.eu\/themen\/entrepreneurship-und-innovationsfoerderung\/","url":"https:\/\/www.edih-rheinland.eu\/themen\/entrepreneurship-und-innovationsfoerderung\/","name":"Entrepreneurship & Innovationsf\u00f6rderung - EDIH Rheinland","isPartOf":{"@id":"https:\/\/www.edih-rheinland.eu\/#website"},"datePublished":"2023-07-06T09:18:11+00:00","dateModified":"2025-07-16T07:58:37+00:00","description":"Der EDIH Rheinland unterest\u00fctzt die Gr\u00fcndunger\u00f6konomie und Innovationsf\u00f6rderung im Raum Aachen und im Rheinland","breadcrumb":{"@id":"https:\/\/www.edih-rheinland.eu\/themen\/entrepreneurship-und-innovationsfoerderung\/#breadcrumb"},"inLanguage":"en-US","potentialAction":[{"@type":"ReadAction","target":["https:\/\/www.edih-rheinland.eu\/themen\/entrepreneurship-und-innovationsfoerderung\/"]}]},{"@type":"BreadcrumbList","@id":"https:\/\/www.edih-rheinland.eu\/themen\/entrepreneurship-und-innovationsfoerderung\/#breadcrumb","itemListElement":[{"@type":"ListItem","position":1,"name":"Startseite","item":"https:\/\/www.edih-rheinland.eu\/"},{"@type":"ListItem","position":2,"name":"Themen | Ihr Zugang zu Kompetenzen und Wissen","item":"https:\/\/www.edih-rheinland.eu\/themen\/"},{"@type":"ListItem","position":3,"name":"Entrepreneurship &#038; Innovationsf\u00f6rderung"}]},{"@type":"WebSite","@id":"https:\/\/www.edih-rheinland.eu\/#website","url":"https:\/\/www.edih-rheinland.eu\/","name":"EDIH Rheinland","description":"Ihr Zugang zu Kompetenzen, Wissen und Erfahrung","publisher":{"@id":"https:\/\/www.edih-rheinland.eu\/#organization"},"potentialAction":[{"@type":"SearchAction","target":{"@type":"EntryPoint","urlTemplate":"https:\/\/www.edih-rheinland.eu\/?s={search_term_string}"},"query-input":{"@type":"PropertyValueSpecification","valueRequired":true,"valueName":"search_term_string"}}],"inLanguage":"en-US"},{"@type":"Organization","@id":"https:\/\/www.edih-rheinland.eu\/#organization","name":"EDIH Rheinland","url":"https:\/\/www.edih-rheinland.eu\/","logo":{"@type":"ImageObject","inLanguage":"en-US","@id":"https:\/\/www.edih-rheinland.eu\/#\/schema\/logo\/image\/","url":"https:\/\/www.edih-rheinland.eu\/wp-content\/uploads\/2023\/09\/EDIH-Logo_rgb.png","contentUrl":"https:\/\/www.edih-rheinland.eu\/wp-content\/uploads\/2023\/09\/EDIH-Logo_rgb.png","width":2180,"height":639,"caption":"EDIH Rheinland"},"image":{"@id":"https:\/\/www.edih-rheinland.eu\/#\/schema\/logo\/image\/"},"sameAs":["https:\/\/www.linkedin.com\/company\/edih-rheinland"]}]}},"_links":{"self":[{"href":"https:\/\/www.edih-rheinland.eu\/en\/wp-json\/wp\/v2\/pages\/17","targetHints":{"allow":["GET"]}}],"collection":[{"href":"https:\/\/www.edih-rheinland.eu\/en\/wp-json\/wp\/v2\/pages"}],"about":[{"href":"https:\/\/www.edih-rheinland.eu\/en\/wp-json\/wp\/v2\/types\/page"}],"author":[{"embeddable":true,"href":"https:\/\/www.edih-rheinland.eu\/en\/wp-json\/wp\/v2\/users\/4"}],"replies":[{"embeddable":true,"href":"https:\/\/www.edih-rheinland.eu\/en\/wp-json\/wp\/v2\/comments?post=17"}],"version-history":[{"count":14,"href":"https:\/\/www.edih-rheinland.eu\/en\/wp-json\/wp\/v2\/pages\/17\/revisions"}],"predecessor-version":[{"id":1827,"href":"https:\/\/www.edih-rheinland.eu\/en\/wp-json\/wp\/v2\/pages\/17\/revisions\/1827"}],"up":[{"embeddable":true,"href":"https:\/\/www.edih-rheinland.eu\/en\/wp-json\/wp\/v2\/pages\/1126"}],"wp:attachment":[{"href":"https:\/\/www.edih-rheinland.eu\/en\/wp-json\/wp\/v2\/media?parent=17"}],"curies":[{"name":"wp","href":"https:\/\/api.w.org\/{rel}","templated":true}]}}